{"id":3041,"date":"2017-09-12T15:41:17","date_gmt":"2017-09-12T12:41:17","guid":{"rendered":"https:\/\/iliopoulos-law.gr\/our-team\/"},"modified":"2018-10-16T13:42:10","modified_gmt":"2018-10-16T10:42:10","slug":"notre-equipe","status":"publish","type":"page","link":"https:\/\/iliopoulos-law.gr\/fr\/notre-equipe\/","title":{"rendered":"Notre Equipe"},"content":{"rendered":"<p>[vc_row css=\u00a0\u00bb.vc_custom_1474438134370{margin-bottom: 0px !important;padding-top: 60px !important;padding-bottom: 30px !important;background-color: #f5f5f5 !important;}\u00a0\u00bb][vc_column][st_heading title=\u00a0\u00bbNotre Equipe\u00a0\u00bb][\/st_heading][st_teams style=\u00a0\u00bb2&Prime; number=\u00a0\u00bb8&Prime;][\/vc_column][\/vc_row][vc_row css=\u00a0\u00bb.vc_custom_1473695116847{margin-bottom: 0px !important;padding-top: 60px !important;padding-bottom: 30px !important;}\u00a0\u00bb][vc_column width=\u00a0\u00bb1\/3&Prime;][vc_column_text css=\u00a0\u00bb.vc_custom_1539605553514{margin-top: 0px !important;margin-right: 0px !important;margin-bottom: 0px !important;margin-left: 0px !important;padding-top: 50px !important;padding-right: 20px !important;padding-bottom: 50px !important;padding-left: 20px !important;background-color: #f5f5f5 !important;}\u00a0\u00bb]<\/p>\n<blockquote><p>\u201cNous sommes heureux d\u2019offrir \u00e0 nos clients d\u2019excellents services juridiques en collaboration avec de grands cabinets d\u2019avocats \u00e0 l\u2019\u00e9tranger.\u201d<\/p><\/blockquote>\n<p>[\/vc_column_text][\/vc_column][vc_column width=\u00a0\u00bb2\/3&Prime;][st_heading title=\u00a0\u00bbA propos de nous\u00a0\u00bb][\/st_heading][vc_column_text]Le cabinet <strong>\u00abIliopoulos, Iliopoulos-Strangas &amp; Associ\u00e9s\u00bb<\/strong> se sp\u00e9cialise en droit europ\u00e9en, droit civil, droit commercial, droit des concurrences, droit \u00e9conomique international, droit constitutionnel, droit de l\u2019homme, et droit administratif.[\/vc_column_text][\/vc_column][\/vc_row][vc_row css=\u00a0\u00bb.vc_custom_1474432194195{margin-bottom: 0px !important;border-top-width: 1px !important;border-bottom-width: 1px !important;padding-top: 60px !important;padding-bottom: 30px !important;border-top-color: #eeeeee !important;border-top-style: solid !important;border-bottom-color: #eeeeee !important;border-bottom-style: solid !important;}\u00a0\u00bb][vc_column][vc_row_inner][vc_column_inner width=\u00a0\u00bb1\/4&Prime;][st_heading title=\u00a0\u00bbExpertise en droit\u00a0\u00bb]Domaine d\u2019expertise[\/st_heading][\/vc_column_inner][vc_column_inner width=\u00a0\u00bb1\/2&Prime;][vc_column_text][\/vc_column_text][\/vc_column_inner][vc_column_inner el_class=\u00a0\u00bbtext-right\u00a0\u00bb width=\u00a0\u00bb1\/4&Prime;][st_button size=\u00a0\u00bbmedium\u00a0\u00bb link_label=\u00a0\u00bbTous domaines\u00a0\u00bb link_url=\u00a0\u00bburl:%23|||\u00a0\u00bb][\/vc_column_inner][\/vc_row_inner][st_services number=\u00a0\u00bb9&Prime; link_label=\u00a0\u00bb\u03a0\u03b5\u03c1\u03b9\u03c3\u03c3\u03bf\u03c4\u03b5\u03c1\u03b1\u00a0\u00bb][\/vc_column][\/vc_row]<\/p>\n","protected":false},"excerpt":{"rendered":"<p>[vc_row css=\u00a0\u00bb.vc_custom_1474438134370{margin-bottom: 0px !important;padding-top: 60px !important;padding-bottom: 30px !important;background-color: #f5f5f5 !important;}\u00a0\u00bb][vc_column][st_heading title=\u00a0\u00bbNotre Equipe\u00a0\u00bb][\/st_heading][st_teams style=\u00a0\u00bb2&Prime; number=\u00a0\u00bb8&Prime;][\/vc_column][\/vc_row][vc_row css=\u00a0\u00bb.vc_custom_1473695116847{margin-bottom: 0px !important;padding-top: 60px !important;padding-bottom: 30px !important;}\u00a0\u00bb][vc_column width=\u00a0\u00bb1\/3&Prime;][vc_column_text css=\u00a0\u00bb.vc_custom_1539605553514{margin-top: 0px !important;margin-right: 0px !important;margin-bottom: 0px !important;margin-left: 0px !important;padding-top: 50px !important;padding-right: 20px !important;padding-bottom: 50px !important;padding-left: 20px !important;background-color: #f5f5f5 !important;}\u00a0\u00bb] \u201cNous sommes heureux d\u2019offrir \u00e0 nos clients d\u2019excellents services juridiques en collaboration avec de [&hellip;]<\/p>\n","protected":false},"author":1,"featured_media":0,"parent":0,"menu_order":0,"comment_status":"closed","ping_status":"closed","template":"","meta":{"footnotes":""},"acf":[],"yoast_head":"<!-- This site is optimized with the Yoast SEO plugin v21.5 - https:\/\/yoast.com\/wordpress\/plugins\/seo\/ -->\n<title>Notre Equipe - \u0397\u03bb\u03b9\u03cc\u03c0\u03bf\u03c5\u03bb\u03bf\u03c2, \u0397\u03bb\u03b9\u03bf\u03c0\u03bf\u03cd\u03bb\u03bf\u03c5 - \u03a3\u03c4\u03c1\u03ac\u03b3\u03b3\u03b1 &amp; \u03a3\u03c5\u03bd\u03b5\u03c1\u03b3\u03ac\u03c4\u03b5\u03c2<\/title>\n<meta name=\"robots\" content=\"index, follow, max-snippet:-1, max-image-preview:large, max-video-preview:-1\" \/>\n<link rel=\"canonical\" href=\"https:\/\/iliopoulos-law.gr\/fr\/notre-equipe\/\" \/>\n<meta property=\"og:locale\" content=\"fr_FR\" \/>\n<meta property=\"og:type\" content=\"article\" \/>\n<meta property=\"og:title\" content=\"Notre Equipe - \u0397\u03bb\u03b9\u03cc\u03c0\u03bf\u03c5\u03bb\u03bf\u03c2, \u0397\u03bb\u03b9\u03bf\u03c0\u03bf\u03cd\u03bb\u03bf\u03c5 - \u03a3\u03c4\u03c1\u03ac\u03b3\u03b3\u03b1 &amp; \u03a3\u03c5\u03bd\u03b5\u03c1\u03b3\u03ac\u03c4\u03b5\u03c2\" \/>\n<meta property=\"og:description\" content=\"[vc_row css=\u00a0\u00bb.vc_custom_1474438134370{margin-bottom: 0px !important;padding-top: 60px !important;padding-bottom: 30px !important;background-color: #f5f5f5 !important;}\u00a0\u00bb][vc_column][st_heading title=\u00a0\u00bbNotre Equipe\u00a0\u00bb][\/st_heading][st_teams style=\u00a0\u00bb2&Prime; number=\u00a0\u00bb8&Prime;][\/vc_column][\/vc_row][vc_row css=\u00a0\u00bb.vc_custom_1473695116847{margin-bottom: 0px !important;padding-top: 60px !important;padding-bottom: 30px !important;}\u00a0\u00bb][vc_column width=\u00a0\u00bb1\/3&Prime;][vc_column_text css=\u00a0\u00bb.vc_custom_1539605553514{margin-top: 0px !important;margin-right: 0px !important;margin-bottom: 0px !important;margin-left: 0px !important;padding-top: 50px !important;padding-right: 20px !important;padding-bottom: 50px !important;padding-left: 20px !important;background-color: #f5f5f5 !important;}\u00a0\u00bb] \u201cNous sommes heureux d\u2019offrir \u00e0 nos clients d\u2019excellents services juridiques en collaboration avec de [&hellip;]\" \/>\n<meta property=\"og:url\" content=\"https:\/\/iliopoulos-law.gr\/fr\/notre-equipe\/\" \/>\n<meta property=\"og:site_name\" content=\"\u0397\u03bb\u03b9\u03cc\u03c0\u03bf\u03c5\u03bb\u03bf\u03c2, \u0397\u03bb\u03b9\u03bf\u03c0\u03bf\u03cd\u03bb\u03bf\u03c5 - \u03a3\u03c4\u03c1\u03ac\u03b3\u03b3\u03b1 &amp; \u03a3\u03c5\u03bd\u03b5\u03c1\u03b3\u03ac\u03c4\u03b5\u03c2\" \/>\n<meta property=\"article:modified_time\" content=\"2018-10-16T10:42:10+00:00\" \/>\n<meta name=\"twitter:card\" content=\"summary_large_image\" \/>\n<meta name=\"twitter:label1\" content=\"Dur\u00e9e de lecture estim\u00e9e\" \/>\n\t<meta name=\"twitter:data1\" content=\"1 minute\" \/>\n<script type=\"application\/ld+json\" class=\"yoast-schema-graph\">{\"@context\":\"https:\/\/schema.org\",\"@graph\":[{\"@type\":\"WebPage\",\"@id\":\"https:\/\/iliopoulos-law.gr\/fr\/notre-equipe\/\",\"url\":\"https:\/\/iliopoulos-law.gr\/fr\/notre-equipe\/\",\"name\":\"Notre Equipe - \u0397\u03bb\u03b9\u03cc\u03c0\u03bf\u03c5\u03bb\u03bf\u03c2, \u0397\u03bb\u03b9\u03bf\u03c0\u03bf\u03cd\u03bb\u03bf\u03c5 - \u03a3\u03c4\u03c1\u03ac\u03b3\u03b3\u03b1 &amp; \u03a3\u03c5\u03bd\u03b5\u03c1\u03b3\u03ac\u03c4\u03b5\u03c2\",\"isPartOf\":{\"@id\":\"https:\/\/iliopoulos-law.gr\/#website\"},\"datePublished\":\"2017-09-12T12:41:17+00:00\",\"dateModified\":\"2018-10-16T10:42:10+00:00\",\"breadcrumb\":{\"@id\":\"https:\/\/iliopoulos-law.gr\/fr\/notre-equipe\/#breadcrumb\"},\"inLanguage\":\"fr-FR\",\"potentialAction\":[{\"@type\":\"ReadAction\",\"target\":[\"https:\/\/iliopoulos-law.gr\/fr\/notre-equipe\/\"]}]},{\"@type\":\"BreadcrumbList\",\"@id\":\"https:\/\/iliopoulos-law.gr\/fr\/notre-equipe\/#breadcrumb\",\"itemListElement\":[{\"@type\":\"ListItem\",\"position\":1,\"name\":\"Home\",\"item\":\"https:\/\/iliopoulos-law.gr\/fr\/home\/\"},{\"@type\":\"ListItem\",\"position\":2,\"name\":\"Notre Equipe\"}]},{\"@type\":\"WebSite\",\"@id\":\"https:\/\/iliopoulos-law.gr\/#website\",\"url\":\"https:\/\/iliopoulos-law.gr\/\",\"name\":\"\u0397\u03bb\u03b9\u03cc\u03c0\u03bf\u03c5\u03bb\u03bf\u03c2, \u0397\u03bb\u03b9\u03bf\u03c0\u03bf\u03cd\u03bb\u03bf\u03c5 - \u03a3\u03c4\u03c1\u03ac\u03b3\u03b3\u03b1 & \u03a3\u03c5\u03bd\u03b5\u03c1\u03b3\u03ac\u03c4\u03b5\u03c2\",\"description\":\"\u0394\u03b9\u03ba\u03b7\u03b3\u03bf\u03c1\u03b9\u03ba\u03cc \u0393\u03c1\u03b1\u03c6\u03b5\u03af\u03bf\",\"publisher\":{\"@id\":\"https:\/\/iliopoulos-law.gr\/#organization\"},\"potentialAction\":[{\"@type\":\"SearchAction\",\"target\":{\"@type\":\"EntryPoint\",\"urlTemplate\":\"https:\/\/iliopoulos-law.gr\/?s={search_term_string}\"},\"query-input\":\"required name=search_term_string\"}],\"inLanguage\":\"fr-FR\"},{\"@type\":\"Organization\",\"@id\":\"https:\/\/iliopoulos-law.gr\/#organization\",\"name\":\"\u0397\u03bb\u03b9\u03cc\u03c0\u03bf\u03c5\u03bb\u03bf\u03c2, \u0397\u03bb\u03b9\u03bf\u03c0\u03bf\u03cd\u03bb\u03bf\u03c5 - \u03a3\u03c4\u03c1\u03ac\u03b3\u03b3\u03b1 & \u03a3\u03c5\u03bd\u03b5\u03c1\u03b3\u03ac\u03c4\u03b5\u03c2\",\"url\":\"https:\/\/iliopoulos-law.gr\/\",\"logo\":{\"@type\":\"ImageObject\",\"inLanguage\":\"fr-FR\",\"@id\":\"https:\/\/iliopoulos-law.gr\/#\/schema\/logo\/image\/\",\"url\":\"https:\/\/iliopoulos-law.gr\/wp-content\/uploads\/2023\/11\/iliopoulos_logo_gr.jpg\",\"contentUrl\":\"https:\/\/iliopoulos-law.gr\/wp-content\/uploads\/2023\/11\/iliopoulos_logo_gr.jpg\",\"width\":350,\"height\":140,\"caption\":\"\u0397\u03bb\u03b9\u03cc\u03c0\u03bf\u03c5\u03bb\u03bf\u03c2, \u0397\u03bb\u03b9\u03bf\u03c0\u03bf\u03cd\u03bb\u03bf\u03c5 - \u03a3\u03c4\u03c1\u03ac\u03b3\u03b3\u03b1 & \u03a3\u03c5\u03bd\u03b5\u03c1\u03b3\u03ac\u03c4\u03b5\u03c2\"},\"image\":{\"@id\":\"https:\/\/iliopoulos-law.gr\/#\/schema\/logo\/image\/\"}}]}<\/script>\n<!-- \/ Yoast SEO plugin. -->","yoast_head_json":{"title":"Notre Equipe - \u0397\u03bb\u03b9\u03cc\u03c0\u03bf\u03c5\u03bb\u03bf\u03c2, \u0397\u03bb\u03b9\u03bf\u03c0\u03bf\u03cd\u03bb\u03bf\u03c5 - \u03a3\u03c4\u03c1\u03ac\u03b3\u03b3\u03b1 &amp; \u03a3\u03c5\u03bd\u03b5\u03c1\u03b3\u03ac\u03c4\u03b5\u03c2","robots":{"index":"index","follow":"follow","max-snippet":"max-snippet:-1","max-image-preview":"max-image-preview:large","max-video-preview":"max-video-preview:-1"},"canonical":"https:\/\/iliopoulos-law.gr\/fr\/notre-equipe\/","og_locale":"fr_FR","og_type":"article","og_title":"Notre Equipe - \u0397\u03bb\u03b9\u03cc\u03c0\u03bf\u03c5\u03bb\u03bf\u03c2, \u0397\u03bb\u03b9\u03bf\u03c0\u03bf\u03cd\u03bb\u03bf\u03c5 - \u03a3\u03c4\u03c1\u03ac\u03b3\u03b3\u03b1 &amp; \u03a3\u03c5\u03bd\u03b5\u03c1\u03b3\u03ac\u03c4\u03b5\u03c2","og_description":"[vc_row css=\u00a0\u00bb.vc_custom_1474438134370{margin-bottom: 0px !important;padding-top: 60px !important;padding-bottom: 30px !important;background-color: #f5f5f5 !important;}\u00a0\u00bb][vc_column][st_heading title=\u00a0\u00bbNotre Equipe\u00a0\u00bb][\/st_heading][st_teams style=\u00a0\u00bb2&Prime; number=\u00a0\u00bb8&Prime;][\/vc_column][\/vc_row][vc_row css=\u00a0\u00bb.vc_custom_1473695116847{margin-bottom: 0px !important;padding-top: 60px !important;padding-bottom: 30px !important;}\u00a0\u00bb][vc_column width=\u00a0\u00bb1\/3&Prime;][vc_column_text css=\u00a0\u00bb.vc_custom_1539605553514{margin-top: 0px !important;margin-right: 0px !important;margin-bottom: 0px !important;margin-left: 0px !important;padding-top: 50px !important;padding-right: 20px !important;padding-bottom: 50px !important;padding-left: 20px !important;background-color: #f5f5f5 !important;}\u00a0\u00bb] \u201cNous sommes heureux d\u2019offrir \u00e0 nos clients d\u2019excellents services juridiques en collaboration avec de [&hellip;]","og_url":"https:\/\/iliopoulos-law.gr\/fr\/notre-equipe\/","og_site_name":"\u0397\u03bb\u03b9\u03cc\u03c0\u03bf\u03c5\u03bb\u03bf\u03c2, \u0397\u03bb\u03b9\u03bf\u03c0\u03bf\u03cd\u03bb\u03bf\u03c5 - \u03a3\u03c4\u03c1\u03ac\u03b3\u03b3\u03b1 &amp; \u03a3\u03c5\u03bd\u03b5\u03c1\u03b3\u03ac\u03c4\u03b5\u03c2","article_modified_time":"2018-10-16T10:42:10+00:00","twitter_card":"summary_large_image","twitter_misc":{"Dur\u00e9e de lecture estim\u00e9e":"1 minute"},"schema":{"@context":"https:\/\/schema.org","@graph":[{"@type":"WebPage","@id":"https:\/\/iliopoulos-law.gr\/fr\/notre-equipe\/","url":"https:\/\/iliopoulos-law.gr\/fr\/notre-equipe\/","name":"Notre Equipe - \u0397\u03bb\u03b9\u03cc\u03c0\u03bf\u03c5\u03bb\u03bf\u03c2, \u0397\u03bb\u03b9\u03bf\u03c0\u03bf\u03cd\u03bb\u03bf\u03c5 - \u03a3\u03c4\u03c1\u03ac\u03b3\u03b3\u03b1 &amp; \u03a3\u03c5\u03bd\u03b5\u03c1\u03b3\u03ac\u03c4\u03b5\u03c2","isPartOf":{"@id":"https:\/\/iliopoulos-law.gr\/#website"},"datePublished":"2017-09-12T12:41:17+00:00","dateModified":"2018-10-16T10:42:10+00:00","breadcrumb":{"@id":"https:\/\/iliopoulos-law.gr\/fr\/notre-equipe\/#breadcrumb"},"inLanguage":"fr-FR","potentialAction":[{"@type":"ReadAction","target":["https:\/\/iliopoulos-law.gr\/fr\/notre-equipe\/"]}]},{"@type":"BreadcrumbList","@id":"https:\/\/iliopoulos-law.gr\/fr\/notre-equipe\/#breadcrumb","itemListElement":[{"@type":"ListItem","position":1,"name":"Home","item":"https:\/\/iliopoulos-law.gr\/fr\/home\/"},{"@type":"ListItem","position":2,"name":"Notre Equipe"}]},{"@type":"WebSite","@id":"https:\/\/iliopoulos-law.gr\/#website","url":"https:\/\/iliopoulos-law.gr\/","name":"\u0397\u03bb\u03b9\u03cc\u03c0\u03bf\u03c5\u03bb\u03bf\u03c2, \u0397\u03bb\u03b9\u03bf\u03c0\u03bf\u03cd\u03bb\u03bf\u03c5 - \u03a3\u03c4\u03c1\u03ac\u03b3\u03b3\u03b1 & \u03a3\u03c5\u03bd\u03b5\u03c1\u03b3\u03ac\u03c4\u03b5\u03c2","description":"\u0394\u03b9\u03ba\u03b7\u03b3\u03bf\u03c1\u03b9\u03ba\u03cc \u0393\u03c1\u03b1\u03c6\u03b5\u03af\u03bf","publisher":{"@id":"https:\/\/iliopoulos-law.gr\/#organization"},"potentialAction":[{"@type":"SearchAction","target":{"@type":"EntryPoint","urlTemplate":"https:\/\/iliopoulos-law.gr\/?s={search_term_string}"},"query-input":"required name=search_term_string"}],"inLanguage":"fr-FR"},{"@type":"Organization","@id":"https:\/\/iliopoulos-law.gr\/#organization","name":"\u0397\u03bb\u03b9\u03cc\u03c0\u03bf\u03c5\u03bb\u03bf\u03c2, \u0397\u03bb\u03b9\u03bf\u03c0\u03bf\u03cd\u03bb\u03bf\u03c5 - \u03a3\u03c4\u03c1\u03ac\u03b3\u03b3\u03b1 & \u03a3\u03c5\u03bd\u03b5\u03c1\u03b3\u03ac\u03c4\u03b5\u03c2","url":"https:\/\/iliopoulos-law.gr\/","logo":{"@type":"ImageObject","inLanguage":"fr-FR","@id":"https:\/\/iliopoulos-law.gr\/#\/schema\/logo\/image\/","url":"https:\/\/iliopoulos-law.gr\/wp-content\/uploads\/2023\/11\/iliopoulos_logo_gr.jpg","contentUrl":"https:\/\/iliopoulos-law.gr\/wp-content\/uploads\/2023\/11\/iliopoulos_logo_gr.jpg","width":350,"height":140,"caption":"\u0397\u03bb\u03b9\u03cc\u03c0\u03bf\u03c5\u03bb\u03bf\u03c2, \u0397\u03bb\u03b9\u03bf\u03c0\u03bf\u03cd\u03bb\u03bf\u03c5 - \u03a3\u03c4\u03c1\u03ac\u03b3\u03b3\u03b1 & \u03a3\u03c5\u03bd\u03b5\u03c1\u03b3\u03ac\u03c4\u03b5\u03c2"},"image":{"@id":"https:\/\/iliopoulos-law.gr\/#\/schema\/logo\/image\/"}}]}},"_links":{"self":[{"href":"https:\/\/iliopoulos-law.gr\/fr\/wp-json\/wp\/v2\/pages\/3041"}],"collection":[{"href":"https:\/\/iliopoulos-law.gr\/fr\/wp-json\/wp\/v2\/pages"}],"about":[{"href":"https:\/\/iliopoulos-law.gr\/fr\/wp-json\/wp\/v2\/types\/page"}],"author":[{"embeddable":true,"href":"https:\/\/iliopoulos-law.gr\/fr\/wp-json\/wp\/v2\/users\/1"}],"replies":[{"embeddable":true,"href":"https:\/\/iliopoulos-law.gr\/fr\/wp-json\/wp\/v2\/comments?post=3041"}],"version-history":[{"count":5,"href":"https:\/\/iliopoulos-law.gr\/fr\/wp-json\/wp\/v2\/pages\/3041\/revisions"}],"predecessor-version":[{"id":3058,"href":"https:\/\/iliopoulos-law.gr\/fr\/wp-json\/wp\/v2\/pages\/3041\/revisions\/3058"}],"wp:attachment":[{"href":"https:\/\/iliopoulos-law.gr\/fr\/wp-json\/wp\/v2\/media?parent=3041"}],"curies":[{"name":"wp","href":"https:\/\/api.w.org\/{rel}","templated":true}]}}