{"id":2963,"date":"2017-09-12T15:51:14","date_gmt":"2017-09-12T12:51:14","guid":{"rendered":"https:\/\/iliopoulos-law.gr\/%ce%b1%cf%81%cf%87%ce%ad%cf%82-%cf%86%ce%b9%ce%bb%ce%bf%cf%83%ce%bf%cf%86%ce%af%ce%b1\/"},"modified":"2018-10-15T12:55:29","modified_gmt":"2018-10-15T09:55:29","slug":"principes-et-philosophie","status":"publish","type":"page","link":"https:\/\/iliopoulos-law.gr\/fr\/principes-et-philosophie\/","title":{"rendered":"Principes et philosophie"},"content":{"rendered":"<p>[vc_row css=\u00a0\u00bb.vc_custom_1473695116847{margin-bottom: 0px !important;padding-top: 60px !important;padding-bottom: 30px !important;}\u00a0\u00bb][vc_column][st_heading title=\u00a0\u00bbPrincipes et philosophie\u00a0\u00bb][\/st_heading][vc_column_text]Notre cabinet, fond\u00e9 en 2008, a une longue tradition qui remonte \u00e0 1939, quand Stylianos I. Strangas, p\u00e8re de l\u2019associ\u00e9e pr. (em.) Julia Iliopoulos-Strangas, commen\u00e7a sa carri\u00e8re en tant qu\u2019avocat. L\u2019associ\u00e9, professeur \u00e9m\u00e9rite, Constantinos P. Iliopoulos est avocat depuis 1973. L\u2019associ\u00e9e, professeur \u00e9m\u00e9rite, Julia Iliopoulos-Strangas est avocate depuis 1974.<\/p>\n<p>La philosophe de ces trois avocats en droit a toujours \u00e9t\u00e9, depuis le tout d\u00e9but, de servir l\u2019id\u00e9e de justice \u00e0 travers la juste d\u00e9fense des droits de nos clients en leur fournissant d\u2019excellents services juridiques \u00e0 la fois devant les tribunaux mais aussi dans le contexte de service juridique.[\/vc_column_text][\/vc_column][\/vc_row]<\/p>\n","protected":false},"excerpt":{"rendered":"<p>[vc_row css=\u00a0\u00bb.vc_custom_1473695116847{margin-bottom: 0px !important;padding-top: 60px !important;padding-bottom: 30px !important;}\u00a0\u00bb][vc_column][st_heading title=\u00a0\u00bbPrincipes et philosophie\u00a0\u00bb][\/st_heading][vc_column_text]Notre cabinet, fond\u00e9 en 2008, a une longue tradition qui remonte \u00e0 1939, quand Stylianos I. Strangas, p\u00e8re de l\u2019associ\u00e9e pr. (em.) Julia Iliopoulos-Strangas, commen\u00e7a sa carri\u00e8re en tant qu\u2019avocat. L\u2019associ\u00e9, professeur \u00e9m\u00e9rite, Constantinos P. Iliopoulos est avocat depuis 1973. L\u2019associ\u00e9e, professeur \u00e9m\u00e9rite, Julia Iliopoulos-Strangas [&hellip;]<\/p>\n","protected":false},"author":1,"featured_media":0,"parent":0,"menu_order":0,"comment_status":"closed","ping_status":"closed","template":"","meta":{"footnotes":""},"acf":[],"yoast_head":"<!-- This site is optimized with the Yoast SEO plugin v21.5 - https:\/\/yoast.com\/wordpress\/plugins\/seo\/ -->\n<title>Principes et philosophie - \u0397\u03bb\u03b9\u03cc\u03c0\u03bf\u03c5\u03bb\u03bf\u03c2, \u0397\u03bb\u03b9\u03bf\u03c0\u03bf\u03cd\u03bb\u03bf\u03c5 - \u03a3\u03c4\u03c1\u03ac\u03b3\u03b3\u03b1 &amp; \u03a3\u03c5\u03bd\u03b5\u03c1\u03b3\u03ac\u03c4\u03b5\u03c2<\/title>\n<meta name=\"robots\" content=\"index, follow, max-snippet:-1, max-image-preview:large, max-video-preview:-1\" \/>\n<link rel=\"canonical\" href=\"https:\/\/iliopoulos-law.gr\/fr\/principes-et-philosophie\/\" \/>\n<meta property=\"og:locale\" content=\"fr_FR\" \/>\n<meta property=\"og:type\" content=\"article\" \/>\n<meta property=\"og:title\" content=\"Principes et philosophie - \u0397\u03bb\u03b9\u03cc\u03c0\u03bf\u03c5\u03bb\u03bf\u03c2, \u0397\u03bb\u03b9\u03bf\u03c0\u03bf\u03cd\u03bb\u03bf\u03c5 - \u03a3\u03c4\u03c1\u03ac\u03b3\u03b3\u03b1 &amp; \u03a3\u03c5\u03bd\u03b5\u03c1\u03b3\u03ac\u03c4\u03b5\u03c2\" \/>\n<meta property=\"og:description\" content=\"[vc_row css=\u00a0\u00bb.vc_custom_1473695116847{margin-bottom: 0px !important;padding-top: 60px !important;padding-bottom: 30px !important;}\u00a0\u00bb][vc_column][st_heading title=\u00a0\u00bbPrincipes et philosophie\u00a0\u00bb][\/st_heading][vc_column_text]Notre cabinet, fond\u00e9 en 2008, a une longue tradition qui remonte \u00e0 1939, quand Stylianos I. Strangas, p\u00e8re de l\u2019associ\u00e9e pr. (em.) Julia Iliopoulos-Strangas, commen\u00e7a sa carri\u00e8re en tant qu\u2019avocat. L\u2019associ\u00e9, professeur \u00e9m\u00e9rite, Constantinos P. Iliopoulos est avocat depuis 1973. L\u2019associ\u00e9e, professeur \u00e9m\u00e9rite, Julia Iliopoulos-Strangas [&hellip;]\" \/>\n<meta property=\"og:url\" content=\"https:\/\/iliopoulos-law.gr\/fr\/principes-et-philosophie\/\" \/>\n<meta property=\"og:site_name\" content=\"\u0397\u03bb\u03b9\u03cc\u03c0\u03bf\u03c5\u03bb\u03bf\u03c2, \u0397\u03bb\u03b9\u03bf\u03c0\u03bf\u03cd\u03bb\u03bf\u03c5 - \u03a3\u03c4\u03c1\u03ac\u03b3\u03b3\u03b1 &amp; \u03a3\u03c5\u03bd\u03b5\u03c1\u03b3\u03ac\u03c4\u03b5\u03c2\" \/>\n<meta property=\"article:modified_time\" content=\"2018-10-15T09:55:29+00:00\" \/>\n<meta name=\"twitter:card\" content=\"summary_large_image\" \/>\n<meta name=\"twitter:label1\" content=\"Dur\u00e9e de lecture estim\u00e9e\" \/>\n\t<meta name=\"twitter:data1\" content=\"1 minute\" \/>\n<script type=\"application\/ld+json\" class=\"yoast-schema-graph\">{\"@context\":\"https:\/\/schema.org\",\"@graph\":[{\"@type\":\"WebPage\",\"@id\":\"https:\/\/iliopoulos-law.gr\/fr\/principes-et-philosophie\/\",\"url\":\"https:\/\/iliopoulos-law.gr\/fr\/principes-et-philosophie\/\",\"name\":\"Principes et philosophie - \u0397\u03bb\u03b9\u03cc\u03c0\u03bf\u03c5\u03bb\u03bf\u03c2, \u0397\u03bb\u03b9\u03bf\u03c0\u03bf\u03cd\u03bb\u03bf\u03c5 - \u03a3\u03c4\u03c1\u03ac\u03b3\u03b3\u03b1 &amp; \u03a3\u03c5\u03bd\u03b5\u03c1\u03b3\u03ac\u03c4\u03b5\u03c2\",\"isPartOf\":{\"@id\":\"https:\/\/iliopoulos-law.gr\/#website\"},\"datePublished\":\"2017-09-12T12:51:14+00:00\",\"dateModified\":\"2018-10-15T09:55:29+00:00\",\"breadcrumb\":{\"@id\":\"https:\/\/iliopoulos-law.gr\/fr\/principes-et-philosophie\/#breadcrumb\"},\"inLanguage\":\"fr-FR\",\"potentialAction\":[{\"@type\":\"ReadAction\",\"target\":[\"https:\/\/iliopoulos-law.gr\/fr\/principes-et-philosophie\/\"]}]},{\"@type\":\"BreadcrumbList\",\"@id\":\"https:\/\/iliopoulos-law.gr\/fr\/principes-et-philosophie\/#breadcrumb\",\"itemListElement\":[{\"@type\":\"ListItem\",\"position\":1,\"name\":\"Home\",\"item\":\"https:\/\/iliopoulos-law.gr\/fr\/home\/\"},{\"@type\":\"ListItem\",\"position\":2,\"name\":\"Principes et philosophie\"}]},{\"@type\":\"WebSite\",\"@id\":\"https:\/\/iliopoulos-law.gr\/#website\",\"url\":\"https:\/\/iliopoulos-law.gr\/\",\"name\":\"\u0397\u03bb\u03b9\u03cc\u03c0\u03bf\u03c5\u03bb\u03bf\u03c2, \u0397\u03bb\u03b9\u03bf\u03c0\u03bf\u03cd\u03bb\u03bf\u03c5 - \u03a3\u03c4\u03c1\u03ac\u03b3\u03b3\u03b1 & \u03a3\u03c5\u03bd\u03b5\u03c1\u03b3\u03ac\u03c4\u03b5\u03c2\",\"description\":\"\u0394\u03b9\u03ba\u03b7\u03b3\u03bf\u03c1\u03b9\u03ba\u03cc \u0393\u03c1\u03b1\u03c6\u03b5\u03af\u03bf\",\"publisher\":{\"@id\":\"https:\/\/iliopoulos-law.gr\/#organization\"},\"potentialAction\":[{\"@type\":\"SearchAction\",\"target\":{\"@type\":\"EntryPoint\",\"urlTemplate\":\"https:\/\/iliopoulos-law.gr\/?s={search_term_string}\"},\"query-input\":\"required name=search_term_string\"}],\"inLanguage\":\"fr-FR\"},{\"@type\":\"Organization\",\"@id\":\"https:\/\/iliopoulos-law.gr\/#organization\",\"name\":\"\u0397\u03bb\u03b9\u03cc\u03c0\u03bf\u03c5\u03bb\u03bf\u03c2, \u0397\u03bb\u03b9\u03bf\u03c0\u03bf\u03cd\u03bb\u03bf\u03c5 - \u03a3\u03c4\u03c1\u03ac\u03b3\u03b3\u03b1 & \u03a3\u03c5\u03bd\u03b5\u03c1\u03b3\u03ac\u03c4\u03b5\u03c2\",\"url\":\"https:\/\/iliopoulos-law.gr\/\",\"logo\":{\"@type\":\"ImageObject\",\"inLanguage\":\"fr-FR\",\"@id\":\"https:\/\/iliopoulos-law.gr\/#\/schema\/logo\/image\/\",\"url\":\"https:\/\/iliopoulos-law.gr\/wp-content\/uploads\/2023\/11\/iliopoulos_logo_gr.jpg\",\"contentUrl\":\"https:\/\/iliopoulos-law.gr\/wp-content\/uploads\/2023\/11\/iliopoulos_logo_gr.jpg\",\"width\":350,\"height\":140,\"caption\":\"\u0397\u03bb\u03b9\u03cc\u03c0\u03bf\u03c5\u03bb\u03bf\u03c2, \u0397\u03bb\u03b9\u03bf\u03c0\u03bf\u03cd\u03bb\u03bf\u03c5 - \u03a3\u03c4\u03c1\u03ac\u03b3\u03b3\u03b1 & \u03a3\u03c5\u03bd\u03b5\u03c1\u03b3\u03ac\u03c4\u03b5\u03c2\"},\"image\":{\"@id\":\"https:\/\/iliopoulos-law.gr\/#\/schema\/logo\/image\/\"}}]}<\/script>\n<!-- \/ Yoast SEO plugin. -->","yoast_head_json":{"title":"Principes et philosophie - \u0397\u03bb\u03b9\u03cc\u03c0\u03bf\u03c5\u03bb\u03bf\u03c2, \u0397\u03bb\u03b9\u03bf\u03c0\u03bf\u03cd\u03bb\u03bf\u03c5 - \u03a3\u03c4\u03c1\u03ac\u03b3\u03b3\u03b1 &amp; \u03a3\u03c5\u03bd\u03b5\u03c1\u03b3\u03ac\u03c4\u03b5\u03c2","robots":{"index":"index","follow":"follow","max-snippet":"max-snippet:-1","max-image-preview":"max-image-preview:large","max-video-preview":"max-video-preview:-1"},"canonical":"https:\/\/iliopoulos-law.gr\/fr\/principes-et-philosophie\/","og_locale":"fr_FR","og_type":"article","og_title":"Principes et philosophie - \u0397\u03bb\u03b9\u03cc\u03c0\u03bf\u03c5\u03bb\u03bf\u03c2, \u0397\u03bb\u03b9\u03bf\u03c0\u03bf\u03cd\u03bb\u03bf\u03c5 - \u03a3\u03c4\u03c1\u03ac\u03b3\u03b3\u03b1 &amp; \u03a3\u03c5\u03bd\u03b5\u03c1\u03b3\u03ac\u03c4\u03b5\u03c2","og_description":"[vc_row css=\u00a0\u00bb.vc_custom_1473695116847{margin-bottom: 0px !important;padding-top: 60px !important;padding-bottom: 30px !important;}\u00a0\u00bb][vc_column][st_heading title=\u00a0\u00bbPrincipes et philosophie\u00a0\u00bb][\/st_heading][vc_column_text]Notre cabinet, fond\u00e9 en 2008, a une longue tradition qui remonte \u00e0 1939, quand Stylianos I. Strangas, p\u00e8re de l\u2019associ\u00e9e pr. (em.) Julia Iliopoulos-Strangas, commen\u00e7a sa carri\u00e8re en tant qu\u2019avocat. L\u2019associ\u00e9, professeur \u00e9m\u00e9rite, Constantinos P. Iliopoulos est avocat depuis 1973. L\u2019associ\u00e9e, professeur \u00e9m\u00e9rite, Julia Iliopoulos-Strangas [&hellip;]","og_url":"https:\/\/iliopoulos-law.gr\/fr\/principes-et-philosophie\/","og_site_name":"\u0397\u03bb\u03b9\u03cc\u03c0\u03bf\u03c5\u03bb\u03bf\u03c2, \u0397\u03bb\u03b9\u03bf\u03c0\u03bf\u03cd\u03bb\u03bf\u03c5 - \u03a3\u03c4\u03c1\u03ac\u03b3\u03b3\u03b1 &amp; \u03a3\u03c5\u03bd\u03b5\u03c1\u03b3\u03ac\u03c4\u03b5\u03c2","article_modified_time":"2018-10-15T09:55:29+00:00","twitter_card":"summary_large_image","twitter_misc":{"Dur\u00e9e de lecture estim\u00e9e":"1 minute"},"schema":{"@context":"https:\/\/schema.org","@graph":[{"@type":"WebPage","@id":"https:\/\/iliopoulos-law.gr\/fr\/principes-et-philosophie\/","url":"https:\/\/iliopoulos-law.gr\/fr\/principes-et-philosophie\/","name":"Principes et philosophie - \u0397\u03bb\u03b9\u03cc\u03c0\u03bf\u03c5\u03bb\u03bf\u03c2, \u0397\u03bb\u03b9\u03bf\u03c0\u03bf\u03cd\u03bb\u03bf\u03c5 - \u03a3\u03c4\u03c1\u03ac\u03b3\u03b3\u03b1 &amp; \u03a3\u03c5\u03bd\u03b5\u03c1\u03b3\u03ac\u03c4\u03b5\u03c2","isPartOf":{"@id":"https:\/\/iliopoulos-law.gr\/#website"},"datePublished":"2017-09-12T12:51:14+00:00","dateModified":"2018-10-15T09:55:29+00:00","breadcrumb":{"@id":"https:\/\/iliopoulos-law.gr\/fr\/principes-et-philosophie\/#breadcrumb"},"inLanguage":"fr-FR","potentialAction":[{"@type":"ReadAction","target":["https:\/\/iliopoulos-law.gr\/fr\/principes-et-philosophie\/"]}]},{"@type":"BreadcrumbList","@id":"https:\/\/iliopoulos-law.gr\/fr\/principes-et-philosophie\/#breadcrumb","itemListElement":[{"@type":"ListItem","position":1,"name":"Home","item":"https:\/\/iliopoulos-law.gr\/fr\/home\/"},{"@type":"ListItem","position":2,"name":"Principes et philosophie"}]},{"@type":"WebSite","@id":"https:\/\/iliopoulos-law.gr\/#website","url":"https:\/\/iliopoulos-law.gr\/","name":"\u0397\u03bb\u03b9\u03cc\u03c0\u03bf\u03c5\u03bb\u03bf\u03c2, \u0397\u03bb\u03b9\u03bf\u03c0\u03bf\u03cd\u03bb\u03bf\u03c5 - \u03a3\u03c4\u03c1\u03ac\u03b3\u03b3\u03b1 & \u03a3\u03c5\u03bd\u03b5\u03c1\u03b3\u03ac\u03c4\u03b5\u03c2","description":"\u0394\u03b9\u03ba\u03b7\u03b3\u03bf\u03c1\u03b9\u03ba\u03cc \u0393\u03c1\u03b1\u03c6\u03b5\u03af\u03bf","publisher":{"@id":"https:\/\/iliopoulos-law.gr\/#organization"},"potentialAction":[{"@type":"SearchAction","target":{"@type":"EntryPoint","urlTemplate":"https:\/\/iliopoulos-law.gr\/?s={search_term_string}"},"query-input":"required name=search_term_string"}],"inLanguage":"fr-FR"},{"@type":"Organization","@id":"https:\/\/iliopoulos-law.gr\/#organization","name":"\u0397\u03bb\u03b9\u03cc\u03c0\u03bf\u03c5\u03bb\u03bf\u03c2, \u0397\u03bb\u03b9\u03bf\u03c0\u03bf\u03cd\u03bb\u03bf\u03c5 - \u03a3\u03c4\u03c1\u03ac\u03b3\u03b3\u03b1 & \u03a3\u03c5\u03bd\u03b5\u03c1\u03b3\u03ac\u03c4\u03b5\u03c2","url":"https:\/\/iliopoulos-law.gr\/","logo":{"@type":"ImageObject","inLanguage":"fr-FR","@id":"https:\/\/iliopoulos-law.gr\/#\/schema\/logo\/image\/","url":"https:\/\/iliopoulos-law.gr\/wp-content\/uploads\/2023\/11\/iliopoulos_logo_gr.jpg","contentUrl":"https:\/\/iliopoulos-law.gr\/wp-content\/uploads\/2023\/11\/iliopoulos_logo_gr.jpg","width":350,"height":140,"caption":"\u0397\u03bb\u03b9\u03cc\u03c0\u03bf\u03c5\u03bb\u03bf\u03c2, \u0397\u03bb\u03b9\u03bf\u03c0\u03bf\u03cd\u03bb\u03bf\u03c5 - \u03a3\u03c4\u03c1\u03ac\u03b3\u03b3\u03b1 & \u03a3\u03c5\u03bd\u03b5\u03c1\u03b3\u03ac\u03c4\u03b5\u03c2"},"image":{"@id":"https:\/\/iliopoulos-law.gr\/#\/schema\/logo\/image\/"}}]}},"_links":{"self":[{"href":"https:\/\/iliopoulos-law.gr\/fr\/wp-json\/wp\/v2\/pages\/2963"}],"collection":[{"href":"https:\/\/iliopoulos-law.gr\/fr\/wp-json\/wp\/v2\/pages"}],"about":[{"href":"https:\/\/iliopoulos-law.gr\/fr\/wp-json\/wp\/v2\/types\/page"}],"author":[{"embeddable":true,"href":"https:\/\/iliopoulos-law.gr\/fr\/wp-json\/wp\/v2\/users\/1"}],"replies":[{"embeddable":true,"href":"https:\/\/iliopoulos-law.gr\/fr\/wp-json\/wp\/v2\/comments?post=2963"}],"version-history":[{"count":1,"href":"https:\/\/iliopoulos-law.gr\/fr\/wp-json\/wp\/v2\/pages\/2963\/revisions"}],"predecessor-version":[{"id":2964,"href":"https:\/\/iliopoulos-law.gr\/fr\/wp-json\/wp\/v2\/pages\/2963\/revisions\/2964"}],"wp:attachment":[{"href":"https:\/\/iliopoulos-law.gr\/fr\/wp-json\/wp\/v2\/media?parent=2963"}],"curies":[{"name":"wp","href":"https:\/\/api.w.org\/{rel}","templated":true}]}}